{"id":3864,"date":"2024-07-29T11:16:49","date_gmt":"2024-07-29T09:16:49","guid":{"rendered":"https:\/\/www.stellinigroup.com\/le-certificazioni-e-la-qualita\/"},"modified":"2024-08-01T12:37:00","modified_gmt":"2024-08-01T10:37:00","slug":"le-certificazioni-e-la-qualita","status":"publish","type":"page","link":"https:\/\/www.stellinigroup.com\/it\/le-certificazioni-e-la-qualita\/","title":{"rendered":"Certificazioni e Qualit\u00e0"},"content":{"rendered":"<section class=\"l-section wpb_row headertop-pages height_medium with_img with_shape\"><div class=\"l-section-img\" role=\"img\" aria-label=\"Immagine\" data-img-width=\"1440\" data-img-height=\"420\" style=\"background-image: url(https:\/\/www.stellinigroup.com\/wp-content\/uploads\/2024\/05\/certShape-Bg.png);background-repeat: no-repeat;\"><\/div><div class=\"l-section-shape type_curve pos_bottom\" style=\"height:2vmin;\"><svg xmlns=\"http:\/\/www.w3.org\/2000\/svg\" viewBox=\"0 0 64 8\" preserveAspectRatio=\"none\" width=\"100%\" height=\"100%\">\r\n\t<path fill=\"currentColor\" d=\"M64 8 L64 0 Q32 15.8 0 0 L0 8 Z\"\/>\r\n<\/svg><\/div><div class=\"l-section-h i-cf\"><div class=\"g-cols vc_row via_flex valign_top type_default stacking_default\"><div class=\"vc_col-sm-12 wpb_column vc_column_container\"><div class=\"vc_column-inner\"><div class=\"wpb_wrapper\"><div class=\"w-separator size_small\"><\/div><div class=\"wpb_text_column us_custom_612a8849 has_text_color\"><div class=\"wpb_wrapper\"><p style=\"text-align: center;\">Certificazioni e Qualit\u00e0<\/p>\n<\/div><\/div><div class=\"w-separator size_custom\" style=\"height:30px\"><\/div><div class=\"wpb_text_column us_custom_c282f12e has_text_color\"><div class=\"wpb_wrapper\"><p style=\"text-align: center;\">In qualit\u00e0 di fornitore leader del settore, siamo orgogliosi di sostenere i pi\u00f9 alti standard di eccellenza e sostenibilit\u00e0 in tutto il nostro processo produttivo.<\/p>\n<\/div><\/div><div class=\"w-separator size_huge\"><\/div><\/div><\/div><\/div><\/div><\/div><\/section><section class=\"l-section wpb_row height_huge\"><div class=\"l-section-h i-cf\"><div class=\"g-cols vc_row via_flex valign_middle type_default stacking_default\" style=\"--additional-gap:80px;\"><div class=\"vc_col-sm-12 vc_col-lg-6 vc_col-md-6 vc_col-xs-12 wpb_column vc_column_container\"><div class=\"vc_column-inner us_custom_a9a19b4b\"><div class=\"wpb_wrapper\"><div class=\"w-separator size_small\"><\/div><div class=\"wpb_text_column miniscrittaoro\"><div class=\"wpb_wrapper\"><p>Le certificazioni dei prodotti<\/p>\n<\/div><\/div><div class=\"wpb_text_column\"><div class=\"wpb_wrapper\"><h2>Il nostro impegno a produrre tessuti sicuri per i consumatori e delicati per il pianeta<\/h2>\n<\/div><\/div><div class=\"w-separator size_small\"><\/div><div class=\"wpb_text_column us_custom_b3bdaacd\"><div class=\"wpb_wrapper\"><p>Un&#8217;ampia selezione dei nostri tessuti per materassi e arredamento \u00e8 certificata OEKO-TEX STANDARD 100 e Global Recycled Standard (GRS), per sottolineare il nostro impegno a produrre tessuti sicuri per i consumatori e delicati per il pianeta.<br \/>\nQueste certificazioni garantiscono che i nostri prodotti sono stati testati per verificare l&#8217;assenza di sostanze nocive e che hanno soddisfatto criteri rigorosi di sostenibilit\u00e0 e responsabilit\u00e0 sociale. <\/p>\n<\/div><\/div><div class=\"w-separator size_medium\"><\/div><\/div><\/div><\/div><div class=\"vc_col-sm-12 vc_col-lg-6 vc_col-md-6 vc_col-xs-12 wpb_column vc_column_container\"><div class=\"vc_column-inner\"><div class=\"wpb_wrapper\"><div class=\"w-image us_custom_b64a6e72 imgfullwidth has_ratio align_center\"><div class=\"w-image-h\"><div style=\"padding-bottom:100%\"><\/div><img decoding=\"async\" width=\"560\" height=\"560\" src=\"https:\/\/www.stellinigroup.com\/wp-content\/uploads\/2024\/05\/certphoto1.png\" class=\"attachment-large size-large\" alt=\"\" loading=\"lazy\" \/><\/div><\/div><\/div><\/div><\/div><\/div><\/div><\/section><section class=\"l-section wpb_row height_large\"><div class=\"l-section-h i-cf\"><div class=\"g-cols vc_row via_flex valign_top type_default stacking_default\"><div class=\"vc_col-sm-6 wpb_column vc_column_container\"><div class=\"vc_column-inner\"><div class=\"wpb_wrapper\"><div class=\"wpb_text_column\"><div class=\"wpb_wrapper\"><h2>STANDARD 100 di OEKO-TEX\u00ae<\/h2>\n<\/div><\/div><div class=\"w-separator size_small\"><\/div><div class=\"wpb_text_column us_custom_b958323c has_text_color\"><div class=\"wpb_wrapper\"><p>Si tratta di un controllo e una certificazione indipendente e uniforme a livello internazionale nel settore tessile per ogni livello di lavorazione. Questa certificazione contribuisce a garantire un&#8217;elevata ed efficace sicurezza dei prodotti dal punto di vista del consumatore. I criteri di verifica e i valori limite sono molto pi\u00f9 esigenti dei parametri validi a livello nazionale e internazionale. I test approfonditi sui prodotti e i regolari audit aziendali contribuiscono inoltre a sensibilizzare l&#8217;industria all&#8217;uso responsabile dei prodotti chimici, a lungo termine e su scala globale. &gt; Stellini offre un&#8217;ampia selezione di tessuti intrecciaci e lavorati a maglia per biancheria da letto e materassi.<\/p>\n<\/div><\/div><div class=\"w-separator size_custom\" style=\"height:30px\"><\/div><div class=\"w-image us_custom_1f257949 align_none\"><div class=\"w-image-h\"><img decoding=\"async\" src=\"https:\/\/www.stellinigroup.com\/wp-content\/uploads\/2024\/05\/oekotex.svg\" class=\"attachment-full size-full\" alt=\"\" loading=\"lazy\" \/><\/div><\/div><\/div><\/div><\/div><div class=\"vc_col-sm-6 wpb_column vc_column_container\"><div class=\"vc_column-inner\"><div class=\"wpb_wrapper\"><div class=\"wpb_text_column\"><div class=\"wpb_wrapper\"><h2>Global Recycled Standard<\/h2>\n<\/div><\/div><div class=\"w-separator size_small\"><\/div><div class=\"wpb_text_column us_custom_b958323c has_text_color\"><div class=\"wpb_wrapper\"><p>Il Global Recycle Standard \u00e8 promosso da Textile Exchange, una delle pi\u00f9 importanti organizzazioni internazionali no-profit per lo sviluppo responsabile e sostenibile del settore tessile. Lo standard riconosce l&#8217;importanza del riciclo per la crescita di un modello di produzione e consumo sostenibile, con l&#8217;obiettivo di favorire la riduzione del consumo di risorse (materie prime vergini, acqua ed energia) e di aumentare la qualit\u00e0 dei prodotti riciclati. &gt; Stellini offre una selezione di tessuti intrecciaci e lavorati a maglia certificati GRS per biancheria da letto e materassi.<\/p>\n<\/div><\/div><div class=\"w-separator size_custom\" style=\"height:30px\"><\/div><div class=\"w-image align_none\"><div class=\"w-image-h\"><img decoding=\"async\" src=\"https:\/\/www.stellinigroup.com\/wp-content\/uploads\/2024\/05\/grs-new-1.svg\" class=\"attachment-full size-full\" alt=\"\" loading=\"lazy\" \/><\/div><\/div><\/div><\/div><\/div><\/div><\/div><\/section><section class=\"l-section wpb_row us_custom_e42d1eb9 height_medium\"><div class=\"l-section-h i-cf\"><div class=\"g-cols vc_row via_flex valign_top type_default stacking_default\"><div class=\"vc_col-sm-12 wpb_column vc_column_container\"><div class=\"vc_column-inner\"><div class=\"wpb_wrapper\"><div class=\"wpb_text_column\"><div class=\"wpb_wrapper\"><h2>Sistema di qualit\u00e0<\/h2>\n<\/div><\/div><div class=\"w-separator size_small\"><\/div><div class=\"wpb_text_column us_custom_b958323c has_text_color\"><div class=\"wpb_wrapper\"><p>A testimonianza della nostra dedizione alla qualit\u00e0 e alla sostenibilit\u00e0, i nostri processi produttivi sono certificati ISO 9001 e ISO 50001, a garanzia di una gestione coerente della qualit\u00e0 e dell&#8217;efficienza energetica in tutte le nostre attivit\u00e0.<\/p>\n<\/div><\/div><div class=\"w-separator size_custom\" style=\"height:30px\"><\/div><div class=\"w-image us_custom_1f257949 align_none\"><div class=\"w-image-h\"><img decoding=\"async\" src=\"https:\/\/www.stellinigroup.com\/wp-content\/uploads\/2024\/05\/quality.svg\" class=\"attachment-full size-full\" alt=\"\" loading=\"lazy\" \/><\/div><\/div><div class=\"w-separator size_custom\" style=\"height:30px\"><\/div><div class=\"wpb_text_column us_custom_b958323c has_text_color\"><div class=\"wpb_wrapper\"><p>Per ottenere informazioni pi\u00f9 dettagliate sulle nostre politiche di qualit\u00e0 energetica, OEKO-TEX e GRS, ti invitiamo a contattarci all&#8217;indirizzo communication@stellinigroup.com. \u00c8 sufficiente specificare il documento richiesto e il nostro team sar\u00e0 lieto di fornirti le informazioni necessarie. <\/p>\n<\/div><\/div><div class=\"w-separator size_medium\"><\/div><div class=\"wpb_text_column us_custom_0e2f3824 has_text_color\"><div class=\"wpb_wrapper\"><p>Politiche di qualit\u00e0<\/p>\n<\/div><\/div><div class=\"w-separator size_medium\"><\/div><div class=\"w-hwrapper hide_on_mobiles valign_top align_none\"><div class=\"w-btn-wrapper align_none\"><a class=\"w-btn us-btn-style_3 us_custom_0dea9d50 icon_atright\" target=\"_blank\" href=\"\/wp-content\/uploads\/2024\/05\/Politica-per-la-qualita-Stellini.2023.pdf\"><span class=\"w-btn-label\">Politica per la qualit\u00e0 Stellini &#8211; ITALIANO<\/span><i class=\"fas fa-arrow-to-bottom\"><\/i><\/a><\/div><div class=\"w-btn-wrapper align_none\"><a class=\"w-btn us-btn-style_3 us_custom_0dea9d50 icon_atright\" target=\"_blank\" href=\"\/wp-content\/uploads\/2024\/05\/Quality-Policy-Stellini.2023.pdf\"><span class=\"w-btn-label\">Politiche di qualit\u00e0 &#8211; INGLESE<\/span><i class=\"fas fa-arrow-to-bottom\"><\/i><\/a><\/div><\/div><div class=\"w-vwrapper us_custom_2a5499af hide_on_default hide_on_laptops hide_on_tablets align_center valign_justify\"><div class=\"w-btn-wrapper align_center\"><a class=\"w-btn us-btn-style_3 us_custom_35071aaf icon_atright\" target=\"_blank\" href=\"\/wp-content\/uploads\/2024\/05\/Politica-per-la-qualita-Stellini.2023.pdf\"><span class=\"w-btn-label\">Politica per la qualit\u00e0 Stellini &#8211; ITALIANO<\/span><i class=\"fas fa-arrow-to-bottom\"><\/i><\/a><\/div><div class=\"w-btn-wrapper align_center\"><a class=\"w-btn us-btn-style_3 us_custom_35071aaf icon_atright\" target=\"_blank\" href=\"\/wp-content\/uploads\/2024\/05\/Quality-Policy-Stellini.2023.pdf\"><span class=\"w-btn-label\">Politiche di qualit\u00e0 &#8211; INGLESE<\/span><i class=\"fas fa-arrow-to-bottom\"><\/i><\/a><\/div><\/div><\/div><\/div><\/div><\/div><\/div><\/section><section class=\"l-section wpb_row height_large\"><div class=\"l-section-h i-cf\"><div class=\"g-cols vc_row via_flex valign_middle type_default stacking_default\"><div class=\"vc_col-sm-6 wpb_column vc_column_container\"><div class=\"vc_column-inner\"><div class=\"wpb_wrapper\"><div class=\"w-image us_custom_2a37777b imgfullwidth has_ratio align_none\"><div class=\"w-image-h\"><div style=\"padding-bottom:100%\"><\/div><img decoding=\"async\" width=\"560\" height=\"561\" src=\"https:\/\/www.stellinigroup.com\/wp-content\/uploads\/2024\/05\/certphoto2.png\" class=\"attachment-large size-large\" alt=\"\" loading=\"lazy\" \/><\/div><\/div><\/div><\/div><\/div><div class=\"vc_col-sm-6 wpb_column vc_column_container\"><div class=\"vc_column-inner\"><div class=\"wpb_wrapper\"><div class=\"wpb_text_column miniscrittaoro\"><div class=\"wpb_wrapper\"><p>Test sui tessuti<\/p>\n<\/div><\/div><div class=\"wpb_text_column\"><div class=\"wpb_wrapper\"><h2>Forniamo servizi completi di test sui tessuti per assicurarne la qualit\u00e0 e la durata.<\/h2>\n<\/div><\/div><div class=\"w-separator size_small\"><\/div><div class=\"wpb_text_column us_custom_b958323c has_text_color\"><div class=\"wpb_wrapper\"><p>Per sostenere il nostro impegno verso la qualit\u00e0, forniamo servizi completi di test sui tessuti per assicurarne la qualit\u00e0 e la durata. Ogni prodotto \u00e8 accompagnato da una scheda tecnica dettagliata che fornisce ai nostri clienti informazioni trasparenti sulle caratteristiche del tessuto. <\/p>\n<\/div><\/div><div class=\"w-separator size_small\"><\/div><div class=\"w-tabs fisarmonicastyles style_default switch_click accordion\" style=\"--sections-title-size:inherit\"><div class=\"w-tabs-sections titles-align_none icon_chevron cpos_right\"><div class=\"w-tabs-section\" id=\"w7e3\"><button class=\"w-tabs-section-header\" aria-controls=\"content-w7e3\" aria-expanded=\"false\"><div class=\"w-tabs-section-title\">TEST MARTINDALE<\/div><div class=\"w-tabs-section-control\"><\/div><\/button><div  class=\"w-tabs-section-content\" id=\"content-w7e3\"><div class=\"w-tabs-section-content-h i-cf\"><div class=\"wpb_text_column\"><div class=\"wpb_wrapper\"><p>Questo test valuta la resistenza all&#8217;abrasione dei tessuti sottoponendoli a ripetuti sfregamenti, simulando i tipici scenari di usura. Pi\u00f9 alto \u00e8 il valore Martindale, pi\u00f9 il tessuto \u00e8 considerato resistente. <\/p>\n<\/div><\/div><\/div><\/div><\/div><div class=\"w-tabs-section\" id=\"t966\"><button class=\"w-tabs-section-header\" aria-controls=\"content-t966\" aria-expanded=\"false\"><div class=\"w-tabs-section-title\">TEST DI RESISTENZA ALL&#8217;ABRASIONE<\/div><div class=\"w-tabs-section-control\"><\/div><\/button><div  class=\"w-tabs-section-content\" id=\"content-t966\"><div class=\"w-tabs-section-content-h i-cf\"><div class=\"wpb_text_column\"><div class=\"wpb_wrapper\"><p>Simile al test Martindale, il test di abrasione valuta la resistenza del tessuto all&#8217;abrasione e all&#8217;attrito, garantendo che possa resistere all&#8217;uso quotidiano senza mostrare segni di utilizzo.<\/p>\n<\/div><\/div><\/div><\/div><\/div><div class=\"w-tabs-section\" id=\"padc\"><button class=\"w-tabs-section-header\" aria-controls=\"content-padc\" aria-expanded=\"false\"><div class=\"w-tabs-section-title\">TEST DEL PILLING<\/div><div class=\"w-tabs-section-control\"><\/div><\/button><div  class=\"w-tabs-section-content\" id=\"content-padc\"><div class=\"w-tabs-section-content-h i-cf\"><div class=\"wpb_text_column\"><div class=\"wpb_wrapper\"><p>Il pilling si riferisce alla formazione di piccole palline di fibra sulla superficie di un tessuto, che possono comprometterne l&#8217;aspetto e il comfort. Il nostro test del pilling valuta la resistenza di un tessuto rispetto a tale fenomeno, assicurando che mantenga un aspetto liscio e intatto nel tempo. <\/p>\n<\/div><\/div><\/div><\/div><\/div><div class=\"w-tabs-section\" id=\"mc3a\"><button class=\"w-tabs-section-header\" aria-controls=\"content-mc3a\" aria-expanded=\"false\"><div class=\"w-tabs-section-title\">TEST DI LAVAGGIO<\/div><div class=\"w-tabs-section-control\"><\/div><\/button><div  class=\"w-tabs-section-content\" id=\"content-mc3a\"><div class=\"w-tabs-section-content-h i-cf\"><div class=\"wpb_text_column\"><div class=\"wpb_wrapper\"><p>Effettuiamo test di lavaggio per valutare le prestazioni dei tessuti dopo ripetuti lavaggi, compresi fattori quali la resistenza dei colori, il restringimento e la durata complessiva. Questo garantisce che i nostri tessuti mantengano la loro qualit\u00e0 e il loro aspetto anche dopo molteplici cicli di lavaggio. <\/p>\n<\/div><\/div><\/div><\/div><\/div><div class=\"w-tabs-section\" id=\"nd9e\"><button class=\"w-tabs-section-header\" aria-controls=\"content-nd9e\" aria-expanded=\"false\"><div class=\"w-tabs-section-title\">TEST FR<\/div><div class=\"w-tabs-section-control\"><\/div><\/button><div  class=\"w-tabs-section-content\" id=\"content-nd9e\"><div class=\"w-tabs-section-content-h i-cf\"><div class=\"wpb_text_column\"><div class=\"wpb_wrapper\"><p>Ci impegniamo a migliorare continuamente i nostri processi e a investire in ricerca e sviluppo per garantire che i nostri tessuti soddisfino costantemente i pi\u00f9 elevati standard di qualit\u00e0, sicurezza e prestazioni. <\/p>\n<\/div><\/div><\/div><\/div><\/div><\/div><\/div><div class=\"w-separator size_small\"><\/div><div class=\"wpb_text_column us_custom_b958323c has_text_color\"><div class=\"wpb_wrapper\"><p>Ci impegniamo a migliorare continuamente i nostri processi e a investire in ricerca e sviluppo per garantire che i nostri tessuti soddisfino costantemente i pi\u00f9 elevati standard di qualit\u00e0, sicurezza e prestazioni.<\/p>\n<\/div><\/div><\/div><\/div><\/div><\/div><\/div><\/section><section class=\"l-section wpb_row us_custom_e76a67b5 height_large\"><div class=\"l-section-h i-cf\"><div class=\"g-cols vc_row via_flex valign_middle type_default stacking_default\"><div class=\"vc_col-sm-8 vc_col-xs-12 wpb_column vc_column_container\"><div class=\"vc_column-inner\"><div class=\"wpb_wrapper\"><div class=\"w-separator size_medium\"><\/div><div class=\"wpb_text_column us_custom_20715c41 has_text_color\"><div class=\"wpb_wrapper\"><h2>Informativa sugli imballaggi<\/h2>\n<\/div><\/div><div class=\"w-separator size_custom\" style=\"height:20px\"><\/div><div class=\"wpb_text_column us_custom_20715c41 has_text_color\"><div class=\"wpb_wrapper\"><p>Informazioni su imballaggi e materiali per le aziende italiane<\/p>\n<\/div><\/div><div class=\"w-separator size_custom\" style=\"height:20px\"><\/div><div class=\"wpb_text_column us_custom_20715c41 has_text_color\"><div class=\"wpb_wrapper\"><p>Per qualsiasi richiesta di informazioni, contattateci all&#8217;indirizzo <a href=\"mailto:communication@stellinigroup.com\">communication@stellinigroup.com<\/a>.<\/p>\n<\/div><\/div><div class=\"w-separator size_medium\"><\/div><\/div><\/div><\/div><div class=\"vc_col-sm-12 vc_col-lg-4 vc_col-md-4 vc_col-xs-12 wpb_column vc_column_container\"><div class=\"vc_column-inner\"><div class=\"wpb_wrapper\"><div class=\"w-hwrapper valign_top align_none\"><div class=\"w-btn-wrapper align_center\"><a class=\"w-btn us-btn-style_3\" target=\"_blank\" href=\"\/wp-content\/uploads\/2024\/05\/Informativa-packaging-Stellini-Textile.pdf\"><span class=\"w-btn-label\">Stellini Textile Srl<\/span><\/a><\/div><div class=\"w-btn-wrapper align_center\"><a class=\"w-btn us-btn-style_3\" target=\"_blank\" href=\"\/wp-content\/uploads\/2024\/05\/Informativa-packaging-Stellini-Tech.pdf\"><span class=\"w-btn-label\">Stellini Tech Srl<\/span><\/a><\/div><\/div><\/div><\/div><\/div><\/div><\/div><\/section>\n","protected":false},"excerpt":{"rendered":"Certificazioni e Qualit\u00e0 In qualit\u00e0 di fornitore leader del settore, siamo orgogliosi di sostenere i pi\u00f9 alti standard di eccellenza e sostenibilit\u00e0 in tutto il nostro processo produttivo. Le certificazioni dei prodotti Il nostro impegno a produrre tessuti sicuri per i consumatori e delicati per il pianeta Un&#8217;ampia selezione dei nostri tessuti per materassi e...","protected":false},"author":1,"featured_media":0,"parent":0,"menu_order":0,"comment_status":"closed","ping_status":"open","template":"","meta":{"_acf_changed":false,"footnotes":""},"class_list":["post-3864","page","type-page","status-publish","hentry"],"acf":[],"yoast_head":"<!-- This site is optimized with the Yoast SEO plugin v27.3 - https:\/\/yoast.com\/product\/yoast-seo-wordpress\/ -->\n<title>Certificazioni e Qualit\u00e0 - Stellini Group<\/title>\n<meta name=\"robots\" content=\"index, follow, max-snippet:-1, max-image-preview:large, max-video-preview:-1\" \/>\n<link rel=\"canonical\" href=\"https:\/\/www.stellinigroup.com\/certifications-quality\/\" \/>\n<meta property=\"og:locale\" content=\"it_IT\" \/>\n<meta property=\"og:type\" content=\"article\" \/>\n<meta property=\"og:title\" content=\"Certificazioni e Qualit\u00e0 - Stellini Group\" \/>\n<meta property=\"og:url\" content=\"https:\/\/www.stellinigroup.com\/certifications-quality\/\" \/>\n<meta property=\"og:site_name\" content=\"Stellini Group\" \/>\n<meta property=\"article:modified_time\" content=\"2024-08-01T10:37:00+00:00\" \/>\n<meta name=\"twitter:card\" content=\"summary_large_image\" \/>\n<meta name=\"twitter:label1\" content=\"Tempo di lettura stimato\" \/>\n\t<meta name=\"twitter:data1\" content=\"10 minuti\" \/>\n<script type=\"application\/ld+json\" class=\"yoast-schema-graph\">{\"@context\":\"https:\\\/\\\/schema.org\",\"@graph\":[{\"@type\":\"WebPage\",\"@id\":\"https:\\\/\\\/www.stellinigroup.com\\\/certifications-quality\\\/\",\"url\":\"https:\\\/\\\/www.stellinigroup.com\\\/certifications-quality\\\/\",\"name\":\"Certificazioni e Qualit\u00e0 - Stellini Group\",\"isPartOf\":{\"@id\":\"https:\\\/\\\/www.stellinigroup.com\\\/it\\\/#website\"},\"datePublished\":\"2024-07-29T09:16:49+00:00\",\"dateModified\":\"2024-08-01T10:37:00+00:00\",\"breadcrumb\":{\"@id\":\"https:\\\/\\\/www.stellinigroup.com\\\/certifications-quality\\\/#breadcrumb\"},\"inLanguage\":\"it-IT\",\"potentialAction\":[{\"@type\":\"ReadAction\",\"target\":[\"https:\\\/\\\/www.stellinigroup.com\\\/certifications-quality\\\/\"]}]},{\"@type\":\"BreadcrumbList\",\"@id\":\"https:\\\/\\\/www.stellinigroup.com\\\/certifications-quality\\\/#breadcrumb\",\"itemListElement\":[{\"@type\":\"ListItem\",\"position\":1,\"name\":\"Home\",\"item\":\"https:\\\/\\\/www.stellinigroup.com\\\/it\\\/\"},{\"@type\":\"ListItem\",\"position\":2,\"name\":\"Certificazioni e Qualit\u00e0\"}]},{\"@type\":\"WebSite\",\"@id\":\"https:\\\/\\\/www.stellinigroup.com\\\/it\\\/#website\",\"url\":\"https:\\\/\\\/www.stellinigroup.com\\\/it\\\/\",\"name\":\"Stellini Group\",\"description\":\"\",\"potentialAction\":[{\"@type\":\"SearchAction\",\"target\":{\"@type\":\"EntryPoint\",\"urlTemplate\":\"https:\\\/\\\/www.stellinigroup.com\\\/it\\\/?s={search_term_string}\"},\"query-input\":{\"@type\":\"PropertyValueSpecification\",\"valueRequired\":true,\"valueName\":\"search_term_string\"}}],\"inLanguage\":\"it-IT\"}]}<\/script>\n<!-- \/ Yoast SEO plugin. -->","yoast_head_json":{"title":"Certificazioni e Qualit\u00e0 - Stellini Group","robots":{"index":"index","follow":"follow","max-snippet":"max-snippet:-1","max-image-preview":"max-image-preview:large","max-video-preview":"max-video-preview:-1"},"canonical":"https:\/\/www.stellinigroup.com\/certifications-quality\/","og_locale":"it_IT","og_type":"article","og_title":"Certificazioni e Qualit\u00e0 - Stellini Group","og_url":"https:\/\/www.stellinigroup.com\/certifications-quality\/","og_site_name":"Stellini Group","article_modified_time":"2024-08-01T10:37:00+00:00","twitter_card":"summary_large_image","twitter_misc":{"Tempo di lettura stimato":"10 minuti"},"schema":{"@context":"https:\/\/schema.org","@graph":[{"@type":"WebPage","@id":"https:\/\/www.stellinigroup.com\/certifications-quality\/","url":"https:\/\/www.stellinigroup.com\/certifications-quality\/","name":"Certificazioni e Qualit\u00e0 - Stellini Group","isPartOf":{"@id":"https:\/\/www.stellinigroup.com\/it\/#website"},"datePublished":"2024-07-29T09:16:49+00:00","dateModified":"2024-08-01T10:37:00+00:00","breadcrumb":{"@id":"https:\/\/www.stellinigroup.com\/certifications-quality\/#breadcrumb"},"inLanguage":"it-IT","potentialAction":[{"@type":"ReadAction","target":["https:\/\/www.stellinigroup.com\/certifications-quality\/"]}]},{"@type":"BreadcrumbList","@id":"https:\/\/www.stellinigroup.com\/certifications-quality\/#breadcrumb","itemListElement":[{"@type":"ListItem","position":1,"name":"Home","item":"https:\/\/www.stellinigroup.com\/it\/"},{"@type":"ListItem","position":2,"name":"Certificazioni e Qualit\u00e0"}]},{"@type":"WebSite","@id":"https:\/\/www.stellinigroup.com\/it\/#website","url":"https:\/\/www.stellinigroup.com\/it\/","name":"Stellini Group","description":"","potentialAction":[{"@type":"SearchAction","target":{"@type":"EntryPoint","urlTemplate":"https:\/\/www.stellinigroup.com\/it\/?s={search_term_string}"},"query-input":{"@type":"PropertyValueSpecification","valueRequired":true,"valueName":"search_term_string"}}],"inLanguage":"it-IT"}]}},"_links":{"self":[{"href":"https:\/\/www.stellinigroup.com\/it\/wp-json\/wp\/v2\/pages\/3864","targetHints":{"allow":["GET"]}}],"collection":[{"href":"https:\/\/www.stellinigroup.com\/it\/wp-json\/wp\/v2\/pages"}],"about":[{"href":"https:\/\/www.stellinigroup.com\/it\/wp-json\/wp\/v2\/types\/page"}],"author":[{"embeddable":true,"href":"https:\/\/www.stellinigroup.com\/it\/wp-json\/wp\/v2\/users\/1"}],"replies":[{"embeddable":true,"href":"https:\/\/www.stellinigroup.com\/it\/wp-json\/wp\/v2\/comments?post=3864"}],"version-history":[{"count":1,"href":"https:\/\/www.stellinigroup.com\/it\/wp-json\/wp\/v2\/pages\/3864\/revisions"}],"predecessor-version":[{"id":4214,"href":"https:\/\/www.stellinigroup.com\/it\/wp-json\/wp\/v2\/pages\/3864\/revisions\/4214"}],"wp:attachment":[{"href":"https:\/\/www.stellinigroup.com\/it\/wp-json\/wp\/v2\/media?parent=3864"}],"curies":[{"name":"wp","href":"https:\/\/api.w.org\/{rel}","templated":true}]}}